{"id":916,"date":"2026-03-22T15:43:47","date_gmt":"2026-03-22T14:43:47","guid":{"rendered":"https:\/\/cistea.fr\/?page_id=916"},"modified":"2026-03-22T15:43:48","modified_gmt":"2026-03-22T14:43:48","slug":"la-kinesiologie-sante-humaniste","status":"publish","type":"page","link":"https:\/\/cistea.fr\/index.php\/la-kinesiologie-sante-humaniste\/","title":{"rendered":"La Kin\u00e9siologie &#8211; Sant\u00e9 Humaniste"},"content":{"rendered":"\n<div class=\"wp-block-media-text is-stacked-on-mobile\" style=\"grid-template-columns:27% auto\"><figure class=\"wp-block-media-text__media\"><img loading=\"lazy\" decoding=\"async\" width=\"768\" height=\"1024\" src=\"http:\/\/cistea.fr\/wp-content\/uploads\/2024\/01\/source768-1024.jpg\" alt=\"\" class=\"wp-image-93 size-full\" srcset=\"https:\/\/cistea.fr\/wp-content\/uploads\/2024\/01\/source768-1024.jpg 768w, https:\/\/cistea.fr\/wp-content\/uploads\/2024\/01\/source768-1024-225x300.jpg 225w\" sizes=\"auto, (max-width: 768px) 100vw, 768px\" \/><\/figure><div class=\"wp-block-media-text__content\">\n<blockquote class=\"wp-block-quote is-style-plain has-primary-color has-text-color has-link-color wp-elements-e1342a346053efe30a2e00886dbfabde is-layout-flow wp-block-quote-is-layout-flow\">\n<p class=\"has-text-align-left has-primary-color has-text-color has-link-color wp-elements-efc6edec64cc9297b8fdc5758a603c50\"><em>\u00ab\u00a0Chaque \u00eatre humain est unique et poss\u00e8de en lui les ressources pour maintenir ou restaurer son harmonie \u00e9nerg\u00e9tique<\/em> \u00ab\u00a0<\/p>\n<cite><em>Martine Sav\u00e8s<\/em><\/cite><\/blockquote>\n<\/div><\/div>\n\n\n\n<p class=\"has-primary-color has-text-color has-link-color wp-elements-c21e7530683049e0281403227a5be09b\">La Sant\u00e9 Humaniste s\u2019est inspir\u00e9e de la m\u00e9decine traditionnelle chinoise, ayurv\u00e9dique et de l\u2019\u00e9nerg\u00e9tique. Elle a \u00e9t\u00e9 cr\u00e9e par Martine Sav\u00e8s, m\u00e9decin hom\u00e9opathe, qui la pratique et l\u2019enseigne depuis 20 ans.<\/p>\n\n\n\n<h2 class=\"wp-block-heading has-text-color has-link-color has-large-font-size wp-elements-a719383c77415a866b5470fc234f6c23\" style=\"color:#4d8e76e0\"><strong>C&rsquo;est un accompagnement&nbsp;en lien avec les m\u00e9moires cellulaires<\/strong><\/h2>\n\n\n\n<p class=\"has-primary-color has-text-color has-link-color wp-elements-f8fd1a95aa7fce4bfc53108f607fce99\">Notre corps garde en m\u00e9moire toutes nos exp\u00e9riences. Il peut se souvenir de choses qui se sont pass\u00e9es il y a longtemps, dans notre v\u00e9cu ou en transg\u00e9n\u00e9rationnel, tout comme des moments difficiles que nous venons de traverser.<\/p>\n\n\n\n<p class=\"has-primary-color has-text-color has-link-color wp-elements-d8751444426933ed0149585a9ada540e\">Ces souvenirs, surtout les \u00e9motions fortes, peuvent ressurgir et causer du stress, nous emp\u00eacher d&rsquo;avancer, nous faire croire \u00e0 des choses fausses sur nous-m\u00eames ou nous pousser \u00e0 agir de mani\u00e8re r\u00e9p\u00e9titive. Ils ont donc une influence sur notre vie de tous les jours.<\/p>\n\n\n\n<p class=\"has-primary-color has-text-color has-link-color wp-elements-0e05814aad76c26b88178936299ca895\">Avec cette m\u00e9thode, nous interrogeons la m\u00e9moire du corps (m\u00e9moires cellulaires) pour conna\u00eetre l\u2019origine des perturbations. L&rsquo;objectif est de <strong>lib\u00e9rer les blocages afin retrouver une vie plus sereine<\/strong>.<\/p>\n\n\n\n<h3 class=\"wp-block-heading has-text-color has-link-color has-large-font-size wp-elements-52808901ce313639ac35f894af25de4a\" style=\"color:#4d8e76e0\"><strong>Quand, pour qui et pour quoi? <\/strong><\/h3>\n\n\n\n<p class=\"has-text-align-left has-primary-color has-text-color has-link-color wp-elements-d67537746213a8a9b6867d0939a01f1d\">La kin\u00e9siologie &#8211; Sant\u00e9 Humaniste est une approche qui s&rsquo;adresse \u00e0 tous. Elle accompagne ceux qui souhaitent surmonter les <strong>blocages r\u00e9currents ou les malaises physiques et \u00e9motionnels<\/strong>.<\/p>\n\n\n\n<p class=\"has-text-align-left has-primary-color has-text-color has-link-color wp-elements-a005a229ac6c349df2d81dfeed80336c\"><strong>Les s\u00e9ances sont une aide pr\u00e9cieuse pour :<\/strong><br><em>Am\u00e9liorer les relations avec les autres <\/em><\/p>\n\n\n\n<p class=\"has-text-align-left has-primary-color has-text-color has-link-color wp-elements-c2b299d1a683fd611f3766382418d35b\"><em>\u00c9quilibrer votre \u00e9tat \u00e9motionnel et \u00e9nerg\u00e9tiqu<\/em>e<\/p>\n\n\n\n<p class=\"has-text-align-left has-primary-color has-text-color has-link-color wp-elements-d32678dc57eeb54a0c667e84f42af324\"><em>Transformer vos habitudes et croyances limitante<\/em><\/p>\n\n\n\n<p class=\"has-text-align-left has-primary-color has-text-color has-link-color wp-elements-ca22920d78bfbd6e5d97e1285fc118b1\"><em>R\u00e9duire le stress chronique et augmenter votre vitalit\u00e9<br><br>Diminuer les troubles du sommeil &amp; <em>soulager les douleurs physiques<\/em><br><br>Traverser sereinement les bouleversements et les \u00e9tapes de vie difficiles (deuil, s\u00e9paration, changement professionnel)<br>R\u00e9aliser vos projets en vous lib\u00e9rant de vos pens\u00e9es n\u00e9gatives sur vous-m\u00eame,<\/em><\/p>\n\n\n\n<h3 class=\"wp-block-heading has-text-color has-link-color has-large-font-size wp-elements-c827ce67d626a6a625421b71117961af\" style=\"color:#4d8e76e0\"><strong>D\u00e9roulement de la s\u00e9ance<\/strong><\/h3>\n\n\n\n<p class=\"has-primary-color has-text-color has-link-color wp-elements-91796152b5c39473e48d3deb91265b7c\">La s\u00e9ance se fait \u00e0 deux en douceur et dans la <strong>bienveillance.<\/strong><\/p>\n\n\n\n<p class=\"has-primary-color has-text-color has-link-color wp-elements-8f2a633dce7e0b44b4e65bd3c3adbdf5\">Dans un premier temps, je vous propose <strong>un temps d&rsquo;\u00e9change<\/strong> sur votre parcours et sur les raisons de votre visite, puis je vous invite \u00e0 vous allonger pour un exercice de relaxation.<\/p>\n\n\n\n<p class=\"has-primary-color has-text-color has-link-color wp-elements-28b041d9adb05d9c42db5b66d640fbd1\">La prise du pouls Nogier* permet d\u2019acc\u00e9der \u00e0 la m\u00e9moire cellulaire du corps et de mettre en \u00e9vidence les \u00e9ventuels d\u00e9s\u00e9quilibres \u00e9nerg\u00e9tique, de v\u00e9rifier les fonctions vitales de l\u2019organisme.<\/p>\n\n\n\n<p class=\"has-primary-color has-text-color has-link-color wp-elements-7406edb7148a63c390928536806e23fb\">En suivant les <strong>indications donn\u00e9es par votre corps et les \u00e9motions mises en mot,<\/strong> la s\u00e9ance est personnalis\u00e9e et adapt\u00e9 \u00e0 chacun<strong>.<\/strong> Plusieurs techniques seront utilis\u00e9es pour aider \u00e0 la restaurer l\u2019\u00e9tat d\u2019\u00e9quilibre : <strong>l&rsquo;accompagnement \u00e9motionnel<\/strong> guid\u00e9 par le test musculaire, des protocoles de <strong>digitopuncture <\/strong>pour <strong>r\u00e9\u00e9quilibrer la circulation \u00e9nerg\u00e9tique <\/strong>(activation des points m\u00e9ridiens sur certaines parties du corps) . En fonction des besoins, je vous donnerai des <strong>conseils en alimentation<\/strong> &amp; <strong>micro nutrition<\/strong> pour soutenir les fonctions vitales.<\/p>\n\n\n\n<p class=\"has-primary-color has-text-color has-link-color wp-elements-00d473318872a5edee4ed0b00f60f789\">Pour finir, si vous le souhaitez, nous prendrons le temps d&rsquo;\u00e9changer sur vos ressentis et vos prises de consciences.<strong>Et apr\u00e8s?<\/strong><\/p>\n\n\n\n<p class=\"has-primary-color has-text-color has-link-color wp-elements-5d7ed2a4c0cb6b74566cecfa32c800ae\">Il est important pour moi que vous repartiez dans un \u00e9tat de relaxation profonde et de mieux-\u00eatre, quel que soit votre besoin \u2014 physique, \u00e9motionnel ou \u00e9nerg\u00e9tique. <\/p>\n\n\n\n<p class=\"has-primary-color has-text-color has-link-color wp-elements-170af77e2febd721af260559df9df01b\">Les effets peuvent se faire ressentir imm\u00e9diatement ou apr\u00e8s une p\u00e9riode d\u2019int\u00e9gration (souvent 21 jours), car chaque personne est unique. Selon votre demande et votre rythme, plusieurs s\u00e9ances peuvent \u00eatre n\u00e9cessaires pour un r\u00e9sultat durable et adapt\u00e9 \u00e0 vos attentes. Mon souhait est de vous accompagner vers un \u00e9quilibre retrouv\u00e9.<\/p>\n\n\n\n<p class=\"has-primary-color has-text-color has-link-color has-small-font-size wp-elements-100dbf0f80fe9390348b2a642b40f535\"><em><strong>Le praticien en sant\u00e9 humaniste ne r\u00e9alise en aucun cas un diagnostic m\u00e9dical et ne se substitue pas au m\u00e9decin traitant ou autre praticien de sant\u00e9.<\/strong><\/em><\/p>\n\n\n\n<p class=\"has-primary-color has-text-color has-link-color wp-elements-87da7b037f9748cd3f2bbf886da54595\">* <em>cette <em>technique <\/em>mesure la variation de l\u2019intensit\u00e9 du pouls<\/em> <em>radial<\/em><\/p>\n\n\n\n<p class=\"has-primary-color has-text-color has-link-color wp-elements-f53d0f2000e7e509d3e7c91eff2b425b\"><\/p>\n","protected":false},"excerpt":{"rendered":"<p>La Sant\u00e9 Humaniste s\u2019est inspir\u00e9e de la m\u00e9decine traditionnelle chinoise, ayurv\u00e9dique et de l\u2019\u00e9nerg\u00e9tique. Elle a \u00e9t\u00e9 cr\u00e9e par Martine Sav\u00e8s, m\u00e9decin hom\u00e9opathe, qui la pratique et l\u2019enseigne depuis 20 ans. C&rsquo;est un accompagnement&nbsp;en lien avec les m\u00e9moires cellulaires Notre corps garde en m\u00e9moire toutes nos exp\u00e9riences. Il peut se souvenir de choses qui se [&hellip;]<\/p>\n","protected":false},"author":1,"featured_media":0,"parent":0,"menu_order":0,"comment_status":"closed","ping_status":"closed","template":"","meta":{"footnotes":""},"class_list":["post-916","page","type-page","status-publish","hentry"],"yoast_head":"<!-- This site is optimized with the Yoast SEO plugin v26.8 - https:\/\/yoast.com\/product\/yoast-seo-wordpress\/ -->\n<title>La Kin\u00e9siologie - Sant\u00e9 Humaniste - CISTEA<\/title>\n<meta name=\"description\" content=\"C&#039;est une approche globale qui permet de surmonter les blocages r\u00e9currents ou les malaises physiques et \u00e9motionnels.\" \/>\n<meta name=\"robots\" content=\"index, follow, max-snippet:-1, max-image-preview:large, max-video-preview:-1\" \/>\n<link rel=\"canonical\" href=\"https:\/\/cistea.fr\/index.php\/la-kinesiologie-sante-humaniste\/\" \/>\n<meta property=\"og:locale\" content=\"fr_FR\" \/>\n<meta property=\"og:type\" content=\"article\" \/>\n<meta property=\"og:title\" content=\"La Kin\u00e9siologie - Sant\u00e9 Humaniste - CISTEA\" \/>\n<meta property=\"og:description\" content=\"C&#039;est une approche globale qui permet de surmonter les blocages r\u00e9currents ou les malaises physiques et \u00e9motionnels.\" \/>\n<meta property=\"og:url\" content=\"https:\/\/cistea.fr\/index.php\/la-kinesiologie-sante-humaniste\/\" \/>\n<meta property=\"og:site_name\" content=\"CISTEA\" \/>\n<meta property=\"article:modified_time\" content=\"2026-03-22T14:43:48+00:00\" \/>\n<meta property=\"og:image\" content=\"https:\/\/cistea.fr\/wp-content\/uploads\/2024\/01\/source768-1024.jpg\" \/>\n\t<meta property=\"og:image:width\" content=\"768\" \/>\n\t<meta property=\"og:image:height\" content=\"1024\" \/>\n\t<meta property=\"og:image:type\" content=\"image\/jpeg\" \/>\n<meta name=\"twitter:card\" content=\"summary_large_image\" \/>\n<meta name=\"twitter:label1\" content=\"Dur\u00e9e de lecture estim\u00e9e\" \/>\n\t<meta name=\"twitter:data1\" content=\"3 minutes\" \/>\n<script type=\"application\/ld+json\" class=\"yoast-schema-graph\">{\"@context\":\"https:\/\/schema.org\",\"@graph\":[{\"@type\":\"WebPage\",\"@id\":\"https:\/\/cistea.fr\/index.php\/la-kinesiologie-sante-humaniste\/\",\"url\":\"https:\/\/cistea.fr\/index.php\/la-kinesiologie-sante-humaniste\/\",\"name\":\"La Kin\u00e9siologie - Sant\u00e9 Humaniste - CISTEA\",\"isPartOf\":{\"@id\":\"https:\/\/cistea.fr\/#website\"},\"primaryImageOfPage\":{\"@id\":\"https:\/\/cistea.fr\/index.php\/la-kinesiologie-sante-humaniste\/#primaryimage\"},\"image\":{\"@id\":\"https:\/\/cistea.fr\/index.php\/la-kinesiologie-sante-humaniste\/#primaryimage\"},\"thumbnailUrl\":\"http:\/\/cistea.fr\/wp-content\/uploads\/2024\/01\/source768-1024.jpg\",\"datePublished\":\"2026-03-22T14:43:47+00:00\",\"dateModified\":\"2026-03-22T14:43:48+00:00\",\"description\":\"C'est une approche globale qui permet de surmonter les blocages r\u00e9currents ou les malaises physiques et \u00e9motionnels.\",\"breadcrumb\":{\"@id\":\"https:\/\/cistea.fr\/index.php\/la-kinesiologie-sante-humaniste\/#breadcrumb\"},\"inLanguage\":\"fr-FR\",\"potentialAction\":[{\"@type\":\"ReadAction\",\"target\":[\"https:\/\/cistea.fr\/index.php\/la-kinesiologie-sante-humaniste\/\"]}]},{\"@type\":\"ImageObject\",\"inLanguage\":\"fr-FR\",\"@id\":\"https:\/\/cistea.fr\/index.php\/la-kinesiologie-sante-humaniste\/#primaryimage\",\"url\":\"https:\/\/cistea.fr\/wp-content\/uploads\/2024\/01\/source768-1024.jpg\",\"contentUrl\":\"https:\/\/cistea.fr\/wp-content\/uploads\/2024\/01\/source768-1024.jpg\",\"width\":768,\"height\":1024},{\"@type\":\"BreadcrumbList\",\"@id\":\"https:\/\/cistea.fr\/index.php\/la-kinesiologie-sante-humaniste\/#breadcrumb\",\"itemListElement\":[{\"@type\":\"ListItem\",\"position\":1,\"name\":\"Accueil\",\"item\":\"https:\/\/cistea.fr\/\"},{\"@type\":\"ListItem\",\"position\":2,\"name\":\"La Kin\u00e9siologie &#8211; Sant\u00e9 Humaniste\"}]},{\"@type\":\"WebSite\",\"@id\":\"https:\/\/cistea.fr\/#website\",\"url\":\"https:\/\/cistea.fr\/\",\"name\":\"CISTEA\",\"description\":\"Etre bien au naturel\",\"publisher\":{\"@id\":\"https:\/\/cistea.fr\/#organization\"},\"potentialAction\":[{\"@type\":\"SearchAction\",\"target\":{\"@type\":\"EntryPoint\",\"urlTemplate\":\"https:\/\/cistea.fr\/?s={search_term_string}\"},\"query-input\":{\"@type\":\"PropertyValueSpecification\",\"valueRequired\":true,\"valueName\":\"search_term_string\"}}],\"inLanguage\":\"fr-FR\"},{\"@type\":\"Organization\",\"@id\":\"https:\/\/cistea.fr\/#organization\",\"name\":\"CISTEA\",\"url\":\"https:\/\/cistea.fr\/\",\"logo\":{\"@type\":\"ImageObject\",\"inLanguage\":\"fr-FR\",\"@id\":\"https:\/\/cistea.fr\/#\/schema\/logo\/image\/\",\"url\":\"https:\/\/cistea.fr\/wp-content\/uploads\/2024\/02\/Logo.png\",\"contentUrl\":\"https:\/\/cistea.fr\/wp-content\/uploads\/2024\/02\/Logo.png\",\"width\":842,\"height\":612,\"caption\":\"CISTEA\"},\"image\":{\"@id\":\"https:\/\/cistea.fr\/#\/schema\/logo\/image\/\"}}]}<\/script>\n<!-- \/ Yoast SEO plugin. -->","yoast_head_json":{"title":"La Kin\u00e9siologie - Sant\u00e9 Humaniste - CISTEA","description":"C'est une approche globale qui permet de surmonter les blocages r\u00e9currents ou les malaises physiques et \u00e9motionnels.","robots":{"index":"index","follow":"follow","max-snippet":"max-snippet:-1","max-image-preview":"max-image-preview:large","max-video-preview":"max-video-preview:-1"},"canonical":"https:\/\/cistea.fr\/index.php\/la-kinesiologie-sante-humaniste\/","og_locale":"fr_FR","og_type":"article","og_title":"La Kin\u00e9siologie - Sant\u00e9 Humaniste - CISTEA","og_description":"C'est une approche globale qui permet de surmonter les blocages r\u00e9currents ou les malaises physiques et \u00e9motionnels.","og_url":"https:\/\/cistea.fr\/index.php\/la-kinesiologie-sante-humaniste\/","og_site_name":"CISTEA","article_modified_time":"2026-03-22T14:43:48+00:00","og_image":[{"width":768,"height":1024,"url":"https:\/\/cistea.fr\/wp-content\/uploads\/2024\/01\/source768-1024.jpg","type":"image\/jpeg"}],"twitter_card":"summary_large_image","twitter_misc":{"Dur\u00e9e de lecture estim\u00e9e":"3 minutes"},"schema":{"@context":"https:\/\/schema.org","@graph":[{"@type":"WebPage","@id":"https:\/\/cistea.fr\/index.php\/la-kinesiologie-sante-humaniste\/","url":"https:\/\/cistea.fr\/index.php\/la-kinesiologie-sante-humaniste\/","name":"La Kin\u00e9siologie - Sant\u00e9 Humaniste - CISTEA","isPartOf":{"@id":"https:\/\/cistea.fr\/#website"},"primaryImageOfPage":{"@id":"https:\/\/cistea.fr\/index.php\/la-kinesiologie-sante-humaniste\/#primaryimage"},"image":{"@id":"https:\/\/cistea.fr\/index.php\/la-kinesiologie-sante-humaniste\/#primaryimage"},"thumbnailUrl":"http:\/\/cistea.fr\/wp-content\/uploads\/2024\/01\/source768-1024.jpg","datePublished":"2026-03-22T14:43:47+00:00","dateModified":"2026-03-22T14:43:48+00:00","description":"C'est une approche globale qui permet de surmonter les blocages r\u00e9currents ou les malaises physiques et \u00e9motionnels.","breadcrumb":{"@id":"https:\/\/cistea.fr\/index.php\/la-kinesiologie-sante-humaniste\/#breadcrumb"},"inLanguage":"fr-FR","potentialAction":[{"@type":"ReadAction","target":["https:\/\/cistea.fr\/index.php\/la-kinesiologie-sante-humaniste\/"]}]},{"@type":"ImageObject","inLanguage":"fr-FR","@id":"https:\/\/cistea.fr\/index.php\/la-kinesiologie-sante-humaniste\/#primaryimage","url":"https:\/\/cistea.fr\/wp-content\/uploads\/2024\/01\/source768-1024.jpg","contentUrl":"https:\/\/cistea.fr\/wp-content\/uploads\/2024\/01\/source768-1024.jpg","width":768,"height":1024},{"@type":"BreadcrumbList","@id":"https:\/\/cistea.fr\/index.php\/la-kinesiologie-sante-humaniste\/#breadcrumb","itemListElement":[{"@type":"ListItem","position":1,"name":"Accueil","item":"https:\/\/cistea.fr\/"},{"@type":"ListItem","position":2,"name":"La Kin\u00e9siologie &#8211; Sant\u00e9 Humaniste"}]},{"@type":"WebSite","@id":"https:\/\/cistea.fr\/#website","url":"https:\/\/cistea.fr\/","name":"CISTEA","description":"Etre bien au naturel","publisher":{"@id":"https:\/\/cistea.fr\/#organization"},"potentialAction":[{"@type":"SearchAction","target":{"@type":"EntryPoint","urlTemplate":"https:\/\/cistea.fr\/?s={search_term_string}"},"query-input":{"@type":"PropertyValueSpecification","valueRequired":true,"valueName":"search_term_string"}}],"inLanguage":"fr-FR"},{"@type":"Organization","@id":"https:\/\/cistea.fr\/#organization","name":"CISTEA","url":"https:\/\/cistea.fr\/","logo":{"@type":"ImageObject","inLanguage":"fr-FR","@id":"https:\/\/cistea.fr\/#\/schema\/logo\/image\/","url":"https:\/\/cistea.fr\/wp-content\/uploads\/2024\/02\/Logo.png","contentUrl":"https:\/\/cistea.fr\/wp-content\/uploads\/2024\/02\/Logo.png","width":842,"height":612,"caption":"CISTEA"},"image":{"@id":"https:\/\/cistea.fr\/#\/schema\/logo\/image\/"}}]}},"_links":{"self":[{"href":"https:\/\/cistea.fr\/index.php\/wp-json\/wp\/v2\/pages\/916","targetHints":{"allow":["GET"]}}],"collection":[{"href":"https:\/\/cistea.fr\/index.php\/wp-json\/wp\/v2\/pages"}],"about":[{"href":"https:\/\/cistea.fr\/index.php\/wp-json\/wp\/v2\/types\/page"}],"author":[{"embeddable":true,"href":"https:\/\/cistea.fr\/index.php\/wp-json\/wp\/v2\/users\/1"}],"replies":[{"embeddable":true,"href":"https:\/\/cistea.fr\/index.php\/wp-json\/wp\/v2\/comments?post=916"}],"version-history":[{"count":1,"href":"https:\/\/cistea.fr\/index.php\/wp-json\/wp\/v2\/pages\/916\/revisions"}],"predecessor-version":[{"id":917,"href":"https:\/\/cistea.fr\/index.php\/wp-json\/wp\/v2\/pages\/916\/revisions\/917"}],"wp:attachment":[{"href":"https:\/\/cistea.fr\/index.php\/wp-json\/wp\/v2\/media?parent=916"}],"curies":[{"name":"wp","href":"https:\/\/api.w.org\/{rel}","templated":true}]}}