{"id":23,"date":"2023-09-18T20:28:09","date_gmt":"2023-09-18T18:28:09","guid":{"rendered":"https:\/\/cistea.fr\/?page_id=23"},"modified":"2025-09-03T15:57:08","modified_gmt":"2025-09-03T13:57:08","slug":"la-reflexologie","status":"publish","type":"page","link":"https:\/\/cistea.fr\/index.php\/la-naturopathie\/la-reflexologie\/","title":{"rendered":"La r\u00e9flexologie"},"content":{"rendered":"\n<div class=\"wp-block-media-text is-stacked-on-mobile\" style=\"grid-template-columns:31% auto\"><figure class=\"wp-block-media-text__media\"><img loading=\"lazy\" decoding=\"async\" width=\"682\" height=\"1024\" src=\"https:\/\/cistea.fr\/wp-content\/uploads\/2025\/04\/682-1024-1.jpg\" alt=\"\" class=\"wp-image-718 size-full\" srcset=\"https:\/\/cistea.fr\/wp-content\/uploads\/2025\/04\/682-1024-1.jpg 682w, https:\/\/cistea.fr\/wp-content\/uploads\/2025\/04\/682-1024-1-200x300.jpg 200w\" sizes=\"auto, (max-width: 682px) 100vw, 682px\" \/><\/figure><div class=\"wp-block-media-text__content\">\n<p class=\"has-primary-color has-text-color has-link-color wp-elements-22c272ffb8c4b7b8272fde6d0b9723d1\"><em>En stimulant des points pr\u00e9cis sous nos pieds, nous ne faisons pas que soulager des maux physiques ; nous ouvrons les portes \u00e0 une profonde relaxation, \u00e0 l&rsquo;\u00e9quilibre \u00e9nerg\u00e9tique et \u00e0 la capacit\u00e9 inn\u00e9e du corps \u00e0 s&rsquo;auto-r\u00e9guler<\/em>.<\/p>\n<\/div><\/div>\n\n\n\n<p class=\"has-primary-color has-text-color has-link-color wp-elements-4f19f90ba9ee1919f98f7cc29474be19\">La r\u00e9flexologie plantaire est une pratique ancestrale et manuelle qui utilise le processus d\u2019autogu\u00e9rison naturel du corps. Cette m\u00e9thode agit sur le syst\u00e8me nerveux en stimulant les zones r\u00e9flexes. Le pied est une repr\u00e9sentation miniature du corps. Chaque zone stimul\u00e9e par des pressions douces va directement agir sur les parties du corps correspondantes.<\/p>\n\n\n\n<p class=\"has-primary-color has-text-color has-link-color wp-elements-ad04e0bfd7ffaeca7425dc3a5c884cdb\">La r\u00e9flexologie est utilis\u00e9 comme technique de bilan en naturopathie. Les zones sensibles au toucher donnent des informations pr\u00e9cises sur les zones du corps et les syst\u00e8mes qui manifestent un besoin d&rsquo;attention et de soutien.<\/p>\n\n\n\n<p class=\"has-primary-color has-text-color has-link-color wp-elements-4a7793ddc959b1af423efe022147fdd9\">Je propose \u00e9galement des s\u00e9ances de r\u00e9flexologie plantaire d\u2019harmonisation et de relaxation. Elles visent \u00e0 d\u00e9tendre l\u2019ensemble du corps et du syst\u00e8me nerveux.  Cette approche douce permet a tout le corps d&rsquo;\u00e9vacuer le stress &amp; de lib\u00e9rer les tensions afin de trouver une  sensation de bien \u00eatre imm\u00e9diat.<\/p>\n\n\n\n<p><\/p>\n\n\n\n<p><\/p>\n","protected":false},"excerpt":{"rendered":"<p>En stimulant des points pr\u00e9cis sous nos pieds, nous ne faisons pas que soulager des maux physiques ; nous ouvrons les portes \u00e0 une profonde relaxation, \u00e0 l&rsquo;\u00e9quilibre \u00e9nerg\u00e9tique et \u00e0 la capacit\u00e9 inn\u00e9e du corps \u00e0 s&rsquo;auto-r\u00e9guler. La r\u00e9flexologie plantaire est une pratique ancestrale et manuelle qui utilise le processus d\u2019autogu\u00e9rison naturel du corps. [&hellip;]<\/p>\n","protected":false},"author":1,"featured_media":717,"parent":16,"menu_order":1,"comment_status":"closed","ping_status":"closed","template":"","meta":{"footnotes":""},"class_list":["post-23","page","type-page","status-publish","has-post-thumbnail","hentry"],"yoast_head":"<!-- This site is optimized with the Yoast SEO plugin v26.8 - https:\/\/yoast.com\/product\/yoast-seo-wordpress\/ -->\n<title>La r\u00e9flexologie - CISTEA<\/title>\n<meta name=\"robots\" content=\"index, follow, max-snippet:-1, max-image-preview:large, max-video-preview:-1\" \/>\n<link rel=\"canonical\" href=\"https:\/\/cistea.fr\/index.php\/la-naturopathie\/la-reflexologie\/\" \/>\n<meta property=\"og:locale\" content=\"fr_FR\" \/>\n<meta property=\"og:type\" content=\"article\" \/>\n<meta property=\"og:title\" content=\"La r\u00e9flexologie - CISTEA\" \/>\n<meta property=\"og:description\" content=\"En stimulant des points pr\u00e9cis sous nos pieds, nous ne faisons pas que soulager des maux physiques ; nous ouvrons les portes \u00e0 une profonde relaxation, \u00e0 l&rsquo;\u00e9quilibre \u00e9nerg\u00e9tique et \u00e0 la capacit\u00e9 inn\u00e9e du corps \u00e0 s&rsquo;auto-r\u00e9guler. La r\u00e9flexologie plantaire est une pratique ancestrale et manuelle qui utilise le processus d\u2019autogu\u00e9rison naturel du corps. [&hellip;]\" \/>\n<meta property=\"og:url\" content=\"https:\/\/cistea.fr\/index.php\/la-naturopathie\/la-reflexologie\/\" \/>\n<meta property=\"og:site_name\" content=\"CISTEA\" \/>\n<meta property=\"article:modified_time\" content=\"2025-09-03T13:57:08+00:00\" \/>\n<meta property=\"og:image\" content=\"http:\/\/cistea.fr\/wp-content\/uploads\/2025\/04\/682-1024.jpg\" \/>\n\t<meta property=\"og:image:width\" content=\"682\" \/>\n\t<meta property=\"og:image:height\" content=\"1024\" \/>\n\t<meta property=\"og:image:type\" content=\"image\/jpeg\" \/>\n<meta name=\"twitter:card\" content=\"summary_large_image\" \/>\n<meta name=\"twitter:label1\" content=\"Dur\u00e9e de lecture estim\u00e9e\" \/>\n\t<meta name=\"twitter:data1\" content=\"1 minute\" \/>\n<script type=\"application\/ld+json\" class=\"yoast-schema-graph\">{\"@context\":\"https:\/\/schema.org\",\"@graph\":[{\"@type\":\"WebPage\",\"@id\":\"https:\/\/cistea.fr\/index.php\/la-naturopathie\/la-reflexologie\/\",\"url\":\"https:\/\/cistea.fr\/index.php\/la-naturopathie\/la-reflexologie\/\",\"name\":\"La r\u00e9flexologie - CISTEA\",\"isPartOf\":{\"@id\":\"https:\/\/cistea.fr\/#website\"},\"primaryImageOfPage\":{\"@id\":\"https:\/\/cistea.fr\/index.php\/la-naturopathie\/la-reflexologie\/#primaryimage\"},\"image\":{\"@id\":\"https:\/\/cistea.fr\/index.php\/la-naturopathie\/la-reflexologie\/#primaryimage\"},\"thumbnailUrl\":\"https:\/\/cistea.fr\/wp-content\/uploads\/2025\/04\/682-1024.jpg\",\"datePublished\":\"2023-09-18T18:28:09+00:00\",\"dateModified\":\"2025-09-03T13:57:08+00:00\",\"breadcrumb\":{\"@id\":\"https:\/\/cistea.fr\/index.php\/la-naturopathie\/la-reflexologie\/#breadcrumb\"},\"inLanguage\":\"fr-FR\",\"potentialAction\":[{\"@type\":\"ReadAction\",\"target\":[\"https:\/\/cistea.fr\/index.php\/la-naturopathie\/la-reflexologie\/\"]}]},{\"@type\":\"ImageObject\",\"inLanguage\":\"fr-FR\",\"@id\":\"https:\/\/cistea.fr\/index.php\/la-naturopathie\/la-reflexologie\/#primaryimage\",\"url\":\"https:\/\/cistea.fr\/wp-content\/uploads\/2025\/04\/682-1024.jpg\",\"contentUrl\":\"https:\/\/cistea.fr\/wp-content\/uploads\/2025\/04\/682-1024.jpg\",\"width\":682,\"height\":1024},{\"@type\":\"BreadcrumbList\",\"@id\":\"https:\/\/cistea.fr\/index.php\/la-naturopathie\/la-reflexologie\/#breadcrumb\",\"itemListElement\":[{\"@type\":\"ListItem\",\"position\":1,\"name\":\"Accueil\",\"item\":\"https:\/\/cistea.fr\/\"},{\"@type\":\"ListItem\",\"position\":2,\"name\":\"La Naturopathie Holistique\",\"item\":\"https:\/\/cistea.fr\/index.php\/la-naturopathie\/\"},{\"@type\":\"ListItem\",\"position\":3,\"name\":\"La r\u00e9flexologie\"}]},{\"@type\":\"WebSite\",\"@id\":\"https:\/\/cistea.fr\/#website\",\"url\":\"https:\/\/cistea.fr\/\",\"name\":\"CISTEA\",\"description\":\"Etre bien au naturel\",\"publisher\":{\"@id\":\"https:\/\/cistea.fr\/#organization\"},\"potentialAction\":[{\"@type\":\"SearchAction\",\"target\":{\"@type\":\"EntryPoint\",\"urlTemplate\":\"https:\/\/cistea.fr\/?s={search_term_string}\"},\"query-input\":{\"@type\":\"PropertyValueSpecification\",\"valueRequired\":true,\"valueName\":\"search_term_string\"}}],\"inLanguage\":\"fr-FR\"},{\"@type\":\"Organization\",\"@id\":\"https:\/\/cistea.fr\/#organization\",\"name\":\"CISTEA\",\"url\":\"https:\/\/cistea.fr\/\",\"logo\":{\"@type\":\"ImageObject\",\"inLanguage\":\"fr-FR\",\"@id\":\"https:\/\/cistea.fr\/#\/schema\/logo\/image\/\",\"url\":\"https:\/\/cistea.fr\/wp-content\/uploads\/2024\/02\/Logo.png\",\"contentUrl\":\"https:\/\/cistea.fr\/wp-content\/uploads\/2024\/02\/Logo.png\",\"width\":842,\"height\":612,\"caption\":\"CISTEA\"},\"image\":{\"@id\":\"https:\/\/cistea.fr\/#\/schema\/logo\/image\/\"}}]}<\/script>\n<!-- \/ Yoast SEO plugin. -->","yoast_head_json":{"title":"La r\u00e9flexologie - CISTEA","robots":{"index":"index","follow":"follow","max-snippet":"max-snippet:-1","max-image-preview":"max-image-preview:large","max-video-preview":"max-video-preview:-1"},"canonical":"https:\/\/cistea.fr\/index.php\/la-naturopathie\/la-reflexologie\/","og_locale":"fr_FR","og_type":"article","og_title":"La r\u00e9flexologie - CISTEA","og_description":"En stimulant des points pr\u00e9cis sous nos pieds, nous ne faisons pas que soulager des maux physiques ; nous ouvrons les portes \u00e0 une profonde relaxation, \u00e0 l&rsquo;\u00e9quilibre \u00e9nerg\u00e9tique et \u00e0 la capacit\u00e9 inn\u00e9e du corps \u00e0 s&rsquo;auto-r\u00e9guler. La r\u00e9flexologie plantaire est une pratique ancestrale et manuelle qui utilise le processus d\u2019autogu\u00e9rison naturel du corps. [&hellip;]","og_url":"https:\/\/cistea.fr\/index.php\/la-naturopathie\/la-reflexologie\/","og_site_name":"CISTEA","article_modified_time":"2025-09-03T13:57:08+00:00","og_image":[{"width":682,"height":1024,"url":"http:\/\/cistea.fr\/wp-content\/uploads\/2025\/04\/682-1024.jpg","type":"image\/jpeg"}],"twitter_card":"summary_large_image","twitter_misc":{"Dur\u00e9e de lecture estim\u00e9e":"1 minute"},"schema":{"@context":"https:\/\/schema.org","@graph":[{"@type":"WebPage","@id":"https:\/\/cistea.fr\/index.php\/la-naturopathie\/la-reflexologie\/","url":"https:\/\/cistea.fr\/index.php\/la-naturopathie\/la-reflexologie\/","name":"La r\u00e9flexologie - CISTEA","isPartOf":{"@id":"https:\/\/cistea.fr\/#website"},"primaryImageOfPage":{"@id":"https:\/\/cistea.fr\/index.php\/la-naturopathie\/la-reflexologie\/#primaryimage"},"image":{"@id":"https:\/\/cistea.fr\/index.php\/la-naturopathie\/la-reflexologie\/#primaryimage"},"thumbnailUrl":"https:\/\/cistea.fr\/wp-content\/uploads\/2025\/04\/682-1024.jpg","datePublished":"2023-09-18T18:28:09+00:00","dateModified":"2025-09-03T13:57:08+00:00","breadcrumb":{"@id":"https:\/\/cistea.fr\/index.php\/la-naturopathie\/la-reflexologie\/#breadcrumb"},"inLanguage":"fr-FR","potentialAction":[{"@type":"ReadAction","target":["https:\/\/cistea.fr\/index.php\/la-naturopathie\/la-reflexologie\/"]}]},{"@type":"ImageObject","inLanguage":"fr-FR","@id":"https:\/\/cistea.fr\/index.php\/la-naturopathie\/la-reflexologie\/#primaryimage","url":"https:\/\/cistea.fr\/wp-content\/uploads\/2025\/04\/682-1024.jpg","contentUrl":"https:\/\/cistea.fr\/wp-content\/uploads\/2025\/04\/682-1024.jpg","width":682,"height":1024},{"@type":"BreadcrumbList","@id":"https:\/\/cistea.fr\/index.php\/la-naturopathie\/la-reflexologie\/#breadcrumb","itemListElement":[{"@type":"ListItem","position":1,"name":"Accueil","item":"https:\/\/cistea.fr\/"},{"@type":"ListItem","position":2,"name":"La Naturopathie Holistique","item":"https:\/\/cistea.fr\/index.php\/la-naturopathie\/"},{"@type":"ListItem","position":3,"name":"La r\u00e9flexologie"}]},{"@type":"WebSite","@id":"https:\/\/cistea.fr\/#website","url":"https:\/\/cistea.fr\/","name":"CISTEA","description":"Etre bien au naturel","publisher":{"@id":"https:\/\/cistea.fr\/#organization"},"potentialAction":[{"@type":"SearchAction","target":{"@type":"EntryPoint","urlTemplate":"https:\/\/cistea.fr\/?s={search_term_string}"},"query-input":{"@type":"PropertyValueSpecification","valueRequired":true,"valueName":"search_term_string"}}],"inLanguage":"fr-FR"},{"@type":"Organization","@id":"https:\/\/cistea.fr\/#organization","name":"CISTEA","url":"https:\/\/cistea.fr\/","logo":{"@type":"ImageObject","inLanguage":"fr-FR","@id":"https:\/\/cistea.fr\/#\/schema\/logo\/image\/","url":"https:\/\/cistea.fr\/wp-content\/uploads\/2024\/02\/Logo.png","contentUrl":"https:\/\/cistea.fr\/wp-content\/uploads\/2024\/02\/Logo.png","width":842,"height":612,"caption":"CISTEA"},"image":{"@id":"https:\/\/cistea.fr\/#\/schema\/logo\/image\/"}}]}},"_links":{"self":[{"href":"https:\/\/cistea.fr\/index.php\/wp-json\/wp\/v2\/pages\/23","targetHints":{"allow":["GET"]}}],"collection":[{"href":"https:\/\/cistea.fr\/index.php\/wp-json\/wp\/v2\/pages"}],"about":[{"href":"https:\/\/cistea.fr\/index.php\/wp-json\/wp\/v2\/types\/page"}],"author":[{"embeddable":true,"href":"https:\/\/cistea.fr\/index.php\/wp-json\/wp\/v2\/users\/1"}],"replies":[{"embeddable":true,"href":"https:\/\/cistea.fr\/index.php\/wp-json\/wp\/v2\/comments?post=23"}],"version-history":[{"count":5,"href":"https:\/\/cistea.fr\/index.php\/wp-json\/wp\/v2\/pages\/23\/revisions"}],"predecessor-version":[{"id":781,"href":"https:\/\/cistea.fr\/index.php\/wp-json\/wp\/v2\/pages\/23\/revisions\/781"}],"up":[{"embeddable":true,"href":"https:\/\/cistea.fr\/index.php\/wp-json\/wp\/v2\/pages\/16"}],"wp:featuredmedia":[{"embeddable":true,"href":"https:\/\/cistea.fr\/index.php\/wp-json\/wp\/v2\/media\/717"}],"wp:attachment":[{"href":"https:\/\/cistea.fr\/index.php\/wp-json\/wp\/v2\/media?parent=23"}],"curies":[{"name":"wp","href":"https:\/\/api.w.org\/{rel}","templated":true}]}}