{"id":16,"date":"2023-09-18T20:27:53","date_gmt":"2023-09-18T18:27:53","guid":{"rendered":"https:\/\/cistea.fr\/?page_id=16"},"modified":"2026-02-05T22:46:39","modified_gmt":"2026-02-05T21:46:39","slug":"la-naturopathie","status":"publish","type":"page","link":"https:\/\/cistea.fr\/index.php\/la-naturopathie\/","title":{"rendered":"La Naturopathie Holistique"},"content":{"rendered":"\n<div class=\"wp-block-media-text is-stacked-on-mobile\" style=\"grid-template-columns:21% auto\"><figure class=\"wp-block-media-text__media\"><img loading=\"lazy\" decoding=\"async\" width=\"768\" height=\"1024\" src=\"http:\/\/cistea.fr\/wp-content\/uploads\/2023\/12\/fleur-des-chmaps768-1024.jpg\" alt=\"\" class=\"wp-image-59 size-full\" srcset=\"https:\/\/cistea.fr\/wp-content\/uploads\/2023\/12\/fleur-des-chmaps768-1024.jpg 768w, https:\/\/cistea.fr\/wp-content\/uploads\/2023\/12\/fleur-des-chmaps768-1024-225x300.jpg 225w\" sizes=\"auto, (max-width: 768px) 100vw, 768px\" \/><\/figure><div class=\"wp-block-media-text__content\">\n<p><\/p>\n\n\n\n<blockquote class=\"wp-block-quote is-style-plain has-primary-color has-text-color has-link-color wp-elements-6ec51f2ef18df405a0a28addf9a2bc5b is-layout-flow wp-block-quote-is-layout-flow\">\n<p class=\"has-primary-color has-text-color has-link-color wp-elements-1808fd5dabdc41c43996f854c974e1d8\"><em>\u00ab&nbsp;Que la nature soit ton seul rem\u00e8de&nbsp;\u00bb <\/em><\/p>\n<cite>Hippocrate<\/cite><\/blockquote>\n<\/div><\/div>\n\n\n\n<h3 class=\"wp-block-heading has-text-color has-link-color has-large-font-size wp-elements-b530071574b4e3a359bdfcd4e0254768\" style=\"color:#4d8e76e0\"><strong>De quoi on parle?<\/strong><\/h3>\n\n\n\n<p class=\"has-text-align-left has-primary-color has-text-color has-link-color wp-elements-e928c246733ef1956b9b72cf2c43eaee\"><strong>&nbsp;<\/strong>La naturopathie est une philosophie de vie qui s&rsquo;inspire des <strong>principes de la nature<\/strong>. Elle repose sur l&rsquo;id\u00e9e que le corps humain poss\u00e8de une capacit\u00e9 inn\u00e9e \u00e0 maintenir son \u00e9quilibre. Lorsque cet \u00e9quilibre est perturb\u00e9, la naturopathie propose d&rsquo;accompagner le corps dans <strong>son processus d&rsquo;autor\u00e9gulation<\/strong>.<\/p>\n\n\n\n<p class=\"has-primary-color has-text-color has-link-color wp-elements-b251961525c2a69a1a055192b1861d4e\">En tant qu&rsquo;\u00e9ducateur de sant\u00e9, mon approche en naturopathie vise votre bien-\u00eatre par des m\u00e9thodes douces et naturelles. <\/p>\n\n\n\n<h2 class=\"wp-block-heading has-text-color has-link-color has-large-font-size wp-elements-0c4d8541ef0b1dcc2b4e645422a8e664\" style=\"color:#4d8e76e0\"><strong>Une vision globale<\/strong><\/h2>\n\n\n\n<p class=\"has-primary-color has-text-color has-link-color wp-elements-c7cbb0b141b90b0e0da4d1f59ed65f74\">La naturopathie voit la personne dans son ensemble. Cela signifie qu&rsquo;elle prend en compte toutes les dimensions : le corps, l&rsquo;\u00e9tat \u00e9motionnel, le mental, le spirituel, le bien-\u00eatre int\u00e9rieur &amp; l&rsquo;\u00e9nergie vitale. Toutes ces sph\u00e8res sont li\u00e9es et s&rsquo;influencent mutuellement.<\/p>\n\n\n\n<p class=\"has-primary-color has-text-color has-link-color wp-elements-bfde5b60b5787056292e3b0fb2c053ec\">Un sympt\u00f4me, c&rsquo;est comme un signal d&rsquo;alarme que le corps manifeste. La naturopathie cherche \u00e0 comprendre <strong>la cause de ce d\u00e9s\u00e9quilibre<\/strong>, \u00e0 d\u00e9busquer la racine du probl\u00e8me. L&rsquo;objectif est d&rsquo;aider votre corps \u00e0 retrouver sa capacit\u00e9 naturelle d&rsquo;auto-gu\u00e9rison, en agissant sur toutes ces sph\u00e8res.<\/p>\n\n\n\n<h3 class=\"wp-block-heading has-text-color has-link-color has-large-font-size wp-elements-3aa8c8d95a60c5ca51938f8c1f102d66\" style=\"color:#4d8e76e0\"><strong>D\u00e9roulement d&rsquo;une s\u00e9ance<\/strong><\/h3>\n\n\n\n<p class=\"has-primary-color has-text-color has-link-color wp-elements-c34d1c9f70602c02a77b60f527bff6e9\">Chaque s\u00e9ance d\u00e9bute par <strong>un bilan de vitalit\u00e9<\/strong> approfondi, pour cerner vos besoins sp\u00e9cifiques et comprendre votre \u00e9tat de sant\u00e9 global. Pour ce faire j&rsquo;utilise un questionnaire et des techniques de bilan parmi lesquelles : la r\u00e9flexologie plantaire, la morpho-typologie, l&rsquo;iridologie et le bilan oriental. <\/p>\n\n\n\n<p class=\"has-primary-color has-text-color has-link-color wp-elements-1888232775ce3ea211f3934519521895\">Nous verrons quelles sont vos habitudes de vie et quel est votre propre m\u00e9tabolisme :<\/p>\n\n\n\n<p class=\"has-primary-color has-text-color has-link-color wp-elements-9f5112f74a25db0117b482b23eacc730\"><strong>L\u2019alimentation <\/strong>: le choix et les habitudes alimentaires en portant une attention sur vos sp\u00e9cificit\u00e9s, pour limiter les carences et les surcharges,<strong> L\u2019activit\u00e9 physique au quotidien ; La qualit\u00e9 du sommeil et de la respiration<\/strong>; l&rsquo;environnement et le niveau de stress ; <strong>Les diff\u00e9rents syst\u00e8mes vitaux<\/strong> (immunitaire, digestif,cardio vasculaire, respiratoire, hormonal); l<strong>a gestion des \u00e9motions<\/strong>; les projets personnels qui donnent sens \u00e0 sa vie.<\/p>\n\n\n\n<p class=\"has-primary-color has-text-color has-link-color wp-elements-0ed49d255e3cfb249e82bfe272266867\">Ce bilan me permet de d\u00e9finir l&rsquo;axe principal pour <strong>des conseils personnalis\u00e9s<\/strong>, adapt\u00e9s \u00e0 votre rythme et \u00e0 vos besoins.<\/p>\n\n\n\n<h2 class=\"wp-block-heading has-text-color has-link-color has-large-font-size wp-elements-63caa476250e46ade74c7eeaf537cf0f\" style=\"color:#4d8e76e0\"><strong>Les ressources et techniques naturelles<\/strong><\/h2>\n\n\n\n<p class=\"has-primary-color has-text-color has-link-color wp-elements-347c8376b168572f51418d57442bb316\">La naturopathie s\u2019appuie en priorit\u00e9 sur les <strong>ressources que nous offre la nature<\/strong>. Nous verrons pourquoi il est important de<strong> se nourrir<\/strong> en fonction de nos besoins personnels et en choisissant des produits de qualit\u00e9, de profiter des bienfaits<strong> de l&rsquo;eau , de l\u2019air et du soleil.<\/strong> <\/p>\n\n\n\n<p class=\"has-primary-color has-text-color has-link-color wp-elements-7522b2566ec9af30093a35cc4c1ac93f\">Quelle est l&rsquo;<strong>utilisation de produits naturels<\/strong> la plus adapt\u00e9 \u00e0 vos besoins ? ( les produits de la ruche, l\u2019argile, les plantes sous forme de tisanes, les hydrolats, les huiles essentielles, les \u00e9lixirs floraux, les mac\u00e9rats de bourgeons, les pierres) . Quelles sont<strong> les techniques simples <\/strong>\u00e0 adopter pour vous aider dans votre d\u00e9marche ? (l\u2019auto-massage, les techniques de respiration, l&rsquo;hydrologie).<\/p>\n\n\n\n<p class=\"has-primary-color has-text-color has-link-color wp-elements-b34a02915a3d9b89027acbd46d5f7d04\">Tous les conseils sont personnalis\u00e9s. Vous pourrez les adopter en fonction de vos attentes, de vos envies et de votre motivation.<\/p>\n\n\n\n<h3 class=\"wp-block-heading has-text-color has-link-color has-large-font-size wp-elements-9371f91f313fd90d42442e9fef104d47\" style=\"color:#4d8e76e0\"><strong>Quand consulter ?<\/strong><em> <\/em><\/h3>\n\n\n\n<p class=\"has-primary-color has-text-color has-link-color wp-elements-81a8a69501ea8c9b5534ff1e0b2d94c3\">On peut suivre une s\u00e9ance, \u00e0 tout moment de sa vie,<strong> en pr\u00e9vention<\/strong>, pour <strong>faire un point<\/strong> sur son \u00e9tat de sant\u00e9 global<strong> <\/strong>ou <strong>en compl\u00e9ment d&rsquo;un traitement m\u00e9dical<\/strong> .<\/p>\n\n\n\n<p class=\"has-text-align-center has-primary-color has-text-color has-link-color wp-elements-94fe7c754211a11d6b77147c92dda86b\"><strong>Les s\u00e9ances sont une aide pr\u00e9cieuse pour :<\/strong><\/p>\n\n\n\n<p class=\"has-text-align-center has-primary-color has-text-color has-link-color wp-elements-57c6e3b1dec309935900fbbe134ca375\"><em> Retrouver un \u00e9quilibre \u00e9motionnel<\/em><\/p>\n\n\n\n<p class=\"has-text-align-center has-primary-color has-text-color has-link-color wp-elements-0b5d9fde058e937d2e8dbf321edbccdd\"><em> R\u00e9\u00e9quilibrer les habitudes de vie &amp; alimentaire<\/em><\/p>\n\n\n\n<p class=\"has-text-align-center has-primary-color has-text-color has-link-color wp-elements-060ad538aa01a0896a295ea53a031183\"><em>R\u00e9duire le stress chronique et augmenter sa vitalit\u00e9<br><br>Diminuer les troubles du sommeil &amp; <em>soulager les douleurs physiques<\/em><br><br>Traverser sereinement les bouleversements et les \u00e9tapes de vie difficiles ( m\u00e9nopause, adolescence, burn out, \u00e9tat d\u00e9pressif, fatigue chronique)<\/em><\/p>\n\n\n\n<p class=\"has-primary-color has-text-color has-link-color wp-elements-b3a9569e13a9c16ecc28e2c3cb54dd93\">L&rsquo;objectif est de vous accompagner progressivement vers un mieux \u00eatre, en vous fournissant les outils n\u00e9cessaires pour <strong>devenir acteur de votre sant\u00e9<\/strong>.<\/p>\n\n\n\n<h3 class=\"wp-block-heading has-text-color has-link-color has-large-font-size wp-elements-ffe51dbc522c18af40fd98e241aa2ded\" style=\"color:#4d8e76e0\"><em><strong> <\/strong><\/em><strong>Pour qui?<\/strong> <strong>pour quoi ?<\/strong><\/h3>\n\n\n\n<p class=\"has-primary-color has-text-color has-link-color wp-elements-a96b26868f30e0078fb29d19aaa21b1a\">La naturopathie s&rsquo;adresse \u00e0 toutes et \u00e0 tous offrant un accompagnement personnalis\u00e9 pour am\u00e9liorer s<strong>on bien-\u00eatre au quotidien<\/strong>.<\/p>\n\n\n\n<p class=\"has-primary-color has-text-color has-link-color wp-elements-6ddaa32519dd8a5b27cb9cb83b205b4e\">En agissant sur la cause \u00e0 l&rsquo;origine du sympt\u00f4me ou du d\u00e9s\u00e9quilibre, c&rsquo;est tout le corps que l&rsquo;on vient aider dans sa merveilleuse intelligence fonctionnelle. Nous allons venir soutenir le corps dans sa <strong>capacit\u00e9 d&rsquo;autor\u00e9gulation<\/strong><\/p>\n\n\n\n<p class=\"has-primary-color has-text-color has-link-color wp-elements-19d463c06beea40d39844c0768915e7d\">Les s\u00e9ances permettent<strong> de r\u00e9duire le stress<\/strong>, <strong>d&rsquo;am\u00e9liorer les troubles du sommeil<\/strong>, de <strong>retrouver un \u00e9quilibre \u00e9motionnel <\/strong>.<\/p>\n\n\n\n<p class=\"has-primary-color has-text-color has-link-color wp-elements-0e6f30880c42887e32c9b8c842d3a4d3\">Enfin, la naturopathie encourage \u00e0 <strong>prendre soin de soi <\/strong>en d\u00e9veloppant une meilleure connaissance de son corps et de ses ressentis, favorisant ainsi l&rsquo;autonomie pour une sant\u00e9 optimale et durable.<\/p>\n\n\n\n<p class=\"has-text-align-center has-primary-color has-text-color has-link-color wp-elements-dd523069fabd549ecdb9204e056245ce\"><em>Un accompagnement en naturopathie ne remplace en aucun cas un suivi m\u00e9dical et\/ou psychologique mais peut s\u2019inscrire en compl\u00e9ment. Il ne vous sera jamais demand\u00e9 d\u2019arr\u00eater un traitement m\u00e9dical en cours. <\/em><\/p>\n","protected":false},"excerpt":{"rendered":"<p>De quoi on parle? &nbsp;La naturopathie est une philosophie de vie qui s&rsquo;inspire des principes de la nature. Elle repose sur l&rsquo;id\u00e9e que le corps humain poss\u00e8de une capacit\u00e9 inn\u00e9e \u00e0 maintenir son \u00e9quilibre. Lorsque cet \u00e9quilibre est perturb\u00e9, la naturopathie propose d&rsquo;accompagner le corps dans son processus d&rsquo;autor\u00e9gulation. En tant qu&rsquo;\u00e9ducateur de sant\u00e9, mon [&hellip;]<\/p>\n","protected":false},"author":1,"featured_media":0,"parent":0,"menu_order":3,"comment_status":"closed","ping_status":"closed","template":"","meta":{"footnotes":""},"class_list":["post-16","page","type-page","status-publish","hentry"],"yoast_head":"<!-- This site is optimized with the Yoast SEO plugin v26.8 - https:\/\/yoast.com\/product\/yoast-seo-wordpress\/ -->\n<title>La Naturopathie Holistique - CISTEA<\/title>\n<meta name=\"description\" content=\"La naturopathie s&#039;inspire des principes de la nature et propose d&#039;accompagner le corps dans son processus d&#039;autor\u00e9gulation. Une approche qui vise le bien-\u00eatre par des m\u00e9thodes douces et naturelles.\" \/>\n<meta name=\"robots\" content=\"index, follow, max-snippet:-1, max-image-preview:large, max-video-preview:-1\" \/>\n<link rel=\"canonical\" href=\"https:\/\/cistea.fr\/index.php\/la-naturopathie\/\" \/>\n<meta property=\"og:locale\" content=\"fr_FR\" \/>\n<meta property=\"og:type\" content=\"article\" \/>\n<meta property=\"og:title\" content=\"La Naturopathie Holistique - CISTEA\" \/>\n<meta property=\"og:description\" content=\"La naturopathie s&#039;inspire des principes de la nature et propose d&#039;accompagner le corps dans son processus d&#039;autor\u00e9gulation. Une approche qui vise le bien-\u00eatre par des m\u00e9thodes douces et naturelles.\" \/>\n<meta property=\"og:url\" content=\"https:\/\/cistea.fr\/index.php\/la-naturopathie\/\" \/>\n<meta property=\"og:site_name\" content=\"CISTEA\" \/>\n<meta property=\"article:modified_time\" content=\"2026-02-05T21:46:39+00:00\" \/>\n<meta property=\"og:image\" content=\"https:\/\/cistea.fr\/wp-content\/uploads\/2023\/12\/fleur-des-chmaps768-1024.jpg\" \/>\n\t<meta property=\"og:image:width\" content=\"768\" \/>\n\t<meta property=\"og:image:height\" content=\"1024\" \/>\n\t<meta property=\"og:image:type\" content=\"image\/jpeg\" \/>\n<meta name=\"twitter:card\" content=\"summary_large_image\" \/>\n<meta name=\"twitter:label1\" content=\"Dur\u00e9e de lecture estim\u00e9e\" \/>\n\t<meta name=\"twitter:data1\" content=\"4 minutes\" \/>\n<script type=\"application\/ld+json\" class=\"yoast-schema-graph\">{\"@context\":\"https:\/\/schema.org\",\"@graph\":[{\"@type\":\"WebPage\",\"@id\":\"https:\/\/cistea.fr\/index.php\/la-naturopathie\/\",\"url\":\"https:\/\/cistea.fr\/index.php\/la-naturopathie\/\",\"name\":\"La Naturopathie Holistique - CISTEA\",\"isPartOf\":{\"@id\":\"https:\/\/cistea.fr\/#website\"},\"primaryImageOfPage\":{\"@id\":\"https:\/\/cistea.fr\/index.php\/la-naturopathie\/#primaryimage\"},\"image\":{\"@id\":\"https:\/\/cistea.fr\/index.php\/la-naturopathie\/#primaryimage\"},\"thumbnailUrl\":\"http:\/\/cistea.fr\/wp-content\/uploads\/2023\/12\/fleur-des-chmaps768-1024.jpg\",\"datePublished\":\"2023-09-18T18:27:53+00:00\",\"dateModified\":\"2026-02-05T21:46:39+00:00\",\"description\":\"La naturopathie s'inspire des principes de la nature et propose d'accompagner le corps dans son processus d'autor\u00e9gulation. Une approche qui vise le bien-\u00eatre par des m\u00e9thodes douces et naturelles.\",\"breadcrumb\":{\"@id\":\"https:\/\/cistea.fr\/index.php\/la-naturopathie\/#breadcrumb\"},\"inLanguage\":\"fr-FR\",\"potentialAction\":[{\"@type\":\"ReadAction\",\"target\":[\"https:\/\/cistea.fr\/index.php\/la-naturopathie\/\"]}]},{\"@type\":\"ImageObject\",\"inLanguage\":\"fr-FR\",\"@id\":\"https:\/\/cistea.fr\/index.php\/la-naturopathie\/#primaryimage\",\"url\":\"https:\/\/cistea.fr\/wp-content\/uploads\/2023\/12\/fleur-des-chmaps768-1024.jpg\",\"contentUrl\":\"https:\/\/cistea.fr\/wp-content\/uploads\/2023\/12\/fleur-des-chmaps768-1024.jpg\",\"width\":768,\"height\":1024},{\"@type\":\"BreadcrumbList\",\"@id\":\"https:\/\/cistea.fr\/index.php\/la-naturopathie\/#breadcrumb\",\"itemListElement\":[{\"@type\":\"ListItem\",\"position\":1,\"name\":\"Accueil\",\"item\":\"https:\/\/cistea.fr\/\"},{\"@type\":\"ListItem\",\"position\":2,\"name\":\"La Naturopathie Holistique\"}]},{\"@type\":\"WebSite\",\"@id\":\"https:\/\/cistea.fr\/#website\",\"url\":\"https:\/\/cistea.fr\/\",\"name\":\"CISTEA\",\"description\":\"Etre bien au naturel\",\"publisher\":{\"@id\":\"https:\/\/cistea.fr\/#organization\"},\"potentialAction\":[{\"@type\":\"SearchAction\",\"target\":{\"@type\":\"EntryPoint\",\"urlTemplate\":\"https:\/\/cistea.fr\/?s={search_term_string}\"},\"query-input\":{\"@type\":\"PropertyValueSpecification\",\"valueRequired\":true,\"valueName\":\"search_term_string\"}}],\"inLanguage\":\"fr-FR\"},{\"@type\":\"Organization\",\"@id\":\"https:\/\/cistea.fr\/#organization\",\"name\":\"CISTEA\",\"url\":\"https:\/\/cistea.fr\/\",\"logo\":{\"@type\":\"ImageObject\",\"inLanguage\":\"fr-FR\",\"@id\":\"https:\/\/cistea.fr\/#\/schema\/logo\/image\/\",\"url\":\"https:\/\/cistea.fr\/wp-content\/uploads\/2024\/02\/Logo.png\",\"contentUrl\":\"https:\/\/cistea.fr\/wp-content\/uploads\/2024\/02\/Logo.png\",\"width\":842,\"height\":612,\"caption\":\"CISTEA\"},\"image\":{\"@id\":\"https:\/\/cistea.fr\/#\/schema\/logo\/image\/\"}}]}<\/script>\n<!-- \/ Yoast SEO plugin. -->","yoast_head_json":{"title":"La Naturopathie Holistique - CISTEA","description":"La naturopathie s'inspire des principes de la nature et propose d'accompagner le corps dans son processus d'autor\u00e9gulation. Une approche qui vise le bien-\u00eatre par des m\u00e9thodes douces et naturelles.","robots":{"index":"index","follow":"follow","max-snippet":"max-snippet:-1","max-image-preview":"max-image-preview:large","max-video-preview":"max-video-preview:-1"},"canonical":"https:\/\/cistea.fr\/index.php\/la-naturopathie\/","og_locale":"fr_FR","og_type":"article","og_title":"La Naturopathie Holistique - CISTEA","og_description":"La naturopathie s'inspire des principes de la nature et propose d'accompagner le corps dans son processus d'autor\u00e9gulation. Une approche qui vise le bien-\u00eatre par des m\u00e9thodes douces et naturelles.","og_url":"https:\/\/cistea.fr\/index.php\/la-naturopathie\/","og_site_name":"CISTEA","article_modified_time":"2026-02-05T21:46:39+00:00","og_image":[{"width":768,"height":1024,"url":"https:\/\/cistea.fr\/wp-content\/uploads\/2023\/12\/fleur-des-chmaps768-1024.jpg","type":"image\/jpeg"}],"twitter_card":"summary_large_image","twitter_misc":{"Dur\u00e9e de lecture estim\u00e9e":"4 minutes"},"schema":{"@context":"https:\/\/schema.org","@graph":[{"@type":"WebPage","@id":"https:\/\/cistea.fr\/index.php\/la-naturopathie\/","url":"https:\/\/cistea.fr\/index.php\/la-naturopathie\/","name":"La Naturopathie Holistique - CISTEA","isPartOf":{"@id":"https:\/\/cistea.fr\/#website"},"primaryImageOfPage":{"@id":"https:\/\/cistea.fr\/index.php\/la-naturopathie\/#primaryimage"},"image":{"@id":"https:\/\/cistea.fr\/index.php\/la-naturopathie\/#primaryimage"},"thumbnailUrl":"http:\/\/cistea.fr\/wp-content\/uploads\/2023\/12\/fleur-des-chmaps768-1024.jpg","datePublished":"2023-09-18T18:27:53+00:00","dateModified":"2026-02-05T21:46:39+00:00","description":"La naturopathie s'inspire des principes de la nature et propose d'accompagner le corps dans son processus d'autor\u00e9gulation. Une approche qui vise le bien-\u00eatre par des m\u00e9thodes douces et naturelles.","breadcrumb":{"@id":"https:\/\/cistea.fr\/index.php\/la-naturopathie\/#breadcrumb"},"inLanguage":"fr-FR","potentialAction":[{"@type":"ReadAction","target":["https:\/\/cistea.fr\/index.php\/la-naturopathie\/"]}]},{"@type":"ImageObject","inLanguage":"fr-FR","@id":"https:\/\/cistea.fr\/index.php\/la-naturopathie\/#primaryimage","url":"https:\/\/cistea.fr\/wp-content\/uploads\/2023\/12\/fleur-des-chmaps768-1024.jpg","contentUrl":"https:\/\/cistea.fr\/wp-content\/uploads\/2023\/12\/fleur-des-chmaps768-1024.jpg","width":768,"height":1024},{"@type":"BreadcrumbList","@id":"https:\/\/cistea.fr\/index.php\/la-naturopathie\/#breadcrumb","itemListElement":[{"@type":"ListItem","position":1,"name":"Accueil","item":"https:\/\/cistea.fr\/"},{"@type":"ListItem","position":2,"name":"La Naturopathie Holistique"}]},{"@type":"WebSite","@id":"https:\/\/cistea.fr\/#website","url":"https:\/\/cistea.fr\/","name":"CISTEA","description":"Etre bien au naturel","publisher":{"@id":"https:\/\/cistea.fr\/#organization"},"potentialAction":[{"@type":"SearchAction","target":{"@type":"EntryPoint","urlTemplate":"https:\/\/cistea.fr\/?s={search_term_string}"},"query-input":{"@type":"PropertyValueSpecification","valueRequired":true,"valueName":"search_term_string"}}],"inLanguage":"fr-FR"},{"@type":"Organization","@id":"https:\/\/cistea.fr\/#organization","name":"CISTEA","url":"https:\/\/cistea.fr\/","logo":{"@type":"ImageObject","inLanguage":"fr-FR","@id":"https:\/\/cistea.fr\/#\/schema\/logo\/image\/","url":"https:\/\/cistea.fr\/wp-content\/uploads\/2024\/02\/Logo.png","contentUrl":"https:\/\/cistea.fr\/wp-content\/uploads\/2024\/02\/Logo.png","width":842,"height":612,"caption":"CISTEA"},"image":{"@id":"https:\/\/cistea.fr\/#\/schema\/logo\/image\/"}}]}},"_links":{"self":[{"href":"https:\/\/cistea.fr\/index.php\/wp-json\/wp\/v2\/pages\/16","targetHints":{"allow":["GET"]}}],"collection":[{"href":"https:\/\/cistea.fr\/index.php\/wp-json\/wp\/v2\/pages"}],"about":[{"href":"https:\/\/cistea.fr\/index.php\/wp-json\/wp\/v2\/types\/page"}],"author":[{"embeddable":true,"href":"https:\/\/cistea.fr\/index.php\/wp-json\/wp\/v2\/users\/1"}],"replies":[{"embeddable":true,"href":"https:\/\/cistea.fr\/index.php\/wp-json\/wp\/v2\/comments?post=16"}],"version-history":[{"count":42,"href":"https:\/\/cistea.fr\/index.php\/wp-json\/wp\/v2\/pages\/16\/revisions"}],"predecessor-version":[{"id":723,"href":"https:\/\/cistea.fr\/index.php\/wp-json\/wp\/v2\/pages\/16\/revisions\/723"}],"wp:attachment":[{"href":"https:\/\/cistea.fr\/index.php\/wp-json\/wp\/v2\/media?parent=16"}],"curies":[{"name":"wp","href":"https:\/\/api.w.org\/{rel}","templated":true}]}}