{"id":10,"date":"2023-09-18T20:25:29","date_gmt":"2023-09-18T18:25:29","guid":{"rendered":"https:\/\/cistea.fr\/?page_id=10"},"modified":"2025-09-02T09:36:03","modified_gmt":"2025-09-02T07:36:03","slug":"qui-suis-je","status":"publish","type":"page","link":"https:\/\/cistea.fr\/index.php\/qui-suis-je\/","title":{"rendered":"A propos"},"content":{"rendered":"\n<div class=\"wp-block-columns is-layout-flex wp-container-core-columns-is-layout-28f84493 wp-block-columns-is-layout-flex\">\n<div class=\"wp-block-column is-layout-flow wp-block-column-is-layout-flow\" style=\"flex-basis:21%\">\n<figure class=\"wp-block-image is-resized\"><img loading=\"lazy\" decoding=\"async\" width=\"538\" height=\"657\" src=\"http:\/\/cistea.fr\/wp-content\/uploads\/2024\/01\/Capture-decran-du-2024-01-22-21-30-24.png\" alt=\"\" class=\"wp-image-183\" style=\"width:122px;height:auto\" srcset=\"https:\/\/cistea.fr\/wp-content\/uploads\/2024\/01\/Capture-decran-du-2024-01-22-21-30-24.png 538w, https:\/\/cistea.fr\/wp-content\/uploads\/2024\/01\/Capture-decran-du-2024-01-22-21-30-24-246x300.png 246w\" sizes=\"auto, (max-width: 538px) 100vw, 538px\" \/><\/figure>\n<\/div>\n\n\n\n<div class=\"wp-block-column is-vertically-aligned-center has-background is-layout-flow wp-block-column-is-layout-flow\" style=\"background-color:#ffffff8c;flex-basis:79%\">\n<blockquote class=\"wp-block-quote has-medium-font-size is-layout-flow wp-block-quote-is-layout-flow\">\n<h1 class=\"wp-block-heading has-text-color has-link-color has-large-font-size wp-elements-1f782b2fdf79a61851394fc540a478df\" style=\"color:#4d8e76e0\"><strong>Marie-Laure Cretin<\/strong><\/h1>\n<\/blockquote>\n\n\n\n<blockquote class=\"wp-block-quote is-layout-flow wp-block-quote-is-layout-flow\">\n<h2 class=\"wp-block-heading has-text-color has-link-color has-medium-font-size wp-elements-982082dcfb7f32b6f69c6df958c06f6a\" style=\"color:#4d8e76e0\"><strong>Praticienne en Naturopathie holistique et en Kin\u00e9siologie \u00e9nerg\u00e9tique (Sant\u00e9 Humaniste<\/strong>)<\/h2>\n<\/blockquote>\n\n\n\n<p class=\"has-text-color has-link-color wp-elements-d123417ef36f6cd7493f5ceb44b7aa0d\" style=\"color:#4d8e76e0\">J<em>e vous invite \u00e0 emprunter avec moi le chemin de la nature pour y (re)trouver l\u2019\u00e9nergie vitale qui ressource, nourrit et fait grandir.<em> <\/em><\/em><\/p>\n<\/div>\n<\/div>\n\n\n\n<p class=\"has-primary-color has-text-color has-link-color wp-elements-67b1d8abc640c8d5a10133613896bb04\">Amoureuse de la Nature depuis toute petite, je crois profond\u00e9ment que notre bien-\u00eatre est intimement li\u00e9 \u00e0 notre environnement mais aussi \u00e0 nos choix personnels.<\/p>\n\n\n\n<p class=\"has-primary-color has-text-color has-link-color wp-elements-9393afe5acf59370a13915b04dba3835\"><br>Mon parcours de vie, parfois mouvement\u00e9, m&rsquo;a amen\u00e9 \u00e0 exp\u00e9rimenter diverses techniques naturelles. J\u2019ai constat\u00e9 que des changements simples, comme adopter une alimentation saine et des habitudes de vie \u00e9quilibr\u00e9es, ont un impact direct sur notre \u00e9tat physique mais aussi sur notre capacit\u00e9 \u00e0 g\u00e9rer le stress et nos \u00e9motions. La respiration consciente ou la marche en pleine nature, les bains de mer ou le sommeil r\u00e9parateur sont autant d&rsquo;\u00e9l\u00e9ments cl\u00e9s qui soutiennent notre corps dans son processus naturel d&rsquo;auto-gu\u00e9rison.<\/p>\n\n\n\n<p class=\"has-primary-color has-text-color has-link-color wp-elements-c3a25fb3bd504290b8d6672153b3f92e\">Cette recherche personnelle a \u00e9t\u00e9 le point de d\u00e9part de ma reconversion professionnelle. Apr\u00e8s de nombreuses ann\u00e9es au service des m\u00e9diath\u00e8que publiques, j&rsquo;ai choisi de me former \u00e0 la Naturopathie Holistique et \u00e0 la kin\u00e9siologie &#8211; Sant\u00e9 Humaniste, deux approches qui \u0153uvrent dans le m\u00eame sens : l&rsquo;\u00e9quilibre entre nos dimensions physique, \u00e9motionnelle et \u00e9nerg\u00e9tique.<\/p>\n\n\n\n<p class=\"has-primary-color has-text-color has-link-color wp-elements-25ccceabeea1a5ea8c2430cb0fda8eee\">L&rsquo;exp\u00e9rimentation de ces m\u00e9thodes a r\u00e9v\u00e9l\u00e9 leur efficacit\u00e9, suscitant chez moi l&rsquo;envie de partager ces techniques naturelles et \u00e9nerg\u00e9tiques. J&rsquo;ai approfondi ma compr\u00e9hension des m\u00e9moires \u00e9motionnelles et des m\u00e9canismes de r\u00e9paration, d\u00e9couvrant comment lib\u00e9rer les blocages et r\u00e9v\u00e9ler le potentiel inn\u00e9 de chacun. Mon accompagnement s&rsquo;est ainsi fa\u00e7onn\u00e9, guidant les individus vers une meilleure circulation de leur \u00e9nergie vitale.<\/p>\n\n\n\n<p class=\"has-primary-color has-text-color has-link-color wp-elements-6ae881e21f675a8026a1a76ed2fa6a0c\"><br>Aujourd&rsquo;hui, mon engagement profond est de vous accompagner vers un bien-\u00eatre durable, en vous offrant un suivi personnalis\u00e9, empreint d&rsquo;\u00e9coute et de bienveillance : pour vous aider \u00e0 g\u00e9rer efficacement le stress et les \u00e9motions, \u00e0 retrouver votre \u00e9quilibre int\u00e9rieur, \u00e0 adopter un mode de vie en harmonie avec la nature.<\/p>\n\n\n\n<p class=\"has-primary-color has-text-color has-link-color wp-elements-fa6f9f587e004395cbea3f6c102853be\">N&rsquo;h\u00e9sitez pas \u00e0 me contacter, je serai ravie de vous accompagner dans votre cheminement vers un mieux-\u00eatre.<br><\/p>\n\n\n\n<blockquote class=\"wp-block-quote has-text-align-center has-cyan-bluish-gray-color has-text-color has-link-color wp-elements-46a48f3cae5aed21ea900d3c39771e7d is-layout-flow wp-block-quote-is-layout-flow\">\n<p class=\"has-text-align-center has-text-color has-link-color has-medium-font-size wp-elements-787165310072f6a1a1f28143d0ea1cae\" style=\"color:#4d8e76e0\"><em>\u00ab\u00a0Ta vision deviendra claire quand tu regarderas dans ton c\u0153ur\u2026 Celui qui regarde \u00e0 l\u2019ext\u00e9rieur r\u00eave. Celui qui regarde \u00e0 l\u2019int\u00e9rieur, s\u2019\u00e9veille\u00a0\u00bb<\/em><\/p>\n\n\n\n<p><\/p>\n\n\n\n<p><\/p>\n<cite> Carl Gustav Jung<\/cite><\/blockquote>\n\n\n\n<hr class=\"wp-block-separator has-alpha-channel-opacity is-style-wide\"\/>\n\n\n\n<h2 class=\"wp-block-heading has-text-color has-link-color has-large-font-size wp-elements-80e1f497f458ec7a94842251f0b08c21\" style=\"color:#4d8e76e0\"><strong>Cistea, une histoire de fleu<\/strong>r<\/h2>\n\n\n\n<div class=\"wp-block-media-text is-stacked-on-mobile is-style-wide\" style=\"grid-template-columns:27% auto\"><figure class=\"wp-block-media-text__media\"><img loading=\"lazy\" decoding=\"async\" width=\"1860\" height=\"2069\" src=\"http:\/\/cistea.fr\/wp-content\/uploads\/2023\/09\/IMG_20210415_184512-1-scaled-e1695070078831.jpg\" alt=\"\" class=\"wp-image-42 size-full\" srcset=\"https:\/\/cistea.fr\/wp-content\/uploads\/2023\/09\/IMG_20210415_184512-1-scaled-e1695070078831.jpg 1860w, https:\/\/cistea.fr\/wp-content\/uploads\/2023\/09\/IMG_20210415_184512-1-scaled-e1695070078831-270x300.jpg 270w, https:\/\/cistea.fr\/wp-content\/uploads\/2023\/09\/IMG_20210415_184512-1-scaled-e1695070078831-921x1024.jpg 921w, https:\/\/cistea.fr\/wp-content\/uploads\/2023\/09\/IMG_20210415_184512-1-scaled-e1695070078831-768x854.jpg 768w, https:\/\/cistea.fr\/wp-content\/uploads\/2023\/09\/IMG_20210415_184512-1-scaled-e1695070078831-1381x1536.jpg 1381w, https:\/\/cistea.fr\/wp-content\/uploads\/2023\/09\/IMG_20210415_184512-1-scaled-e1695070078831-1841x2048.jpg 1841w\" sizes=\"auto, (max-width: 1860px) 100vw, 1860px\" \/><\/figure><div class=\"wp-block-media-text__content\">\n<p class=\"has-primary-color has-text-color has-link-color wp-elements-a0d1ad5ab0983937890023cf2c62a13d\">La fleur de ciste borde les sentiers de l\u2019arri\u00e8re-pays ni\u00e7ois et comme toutes les plantes qui nous entourent,  elle porte une signature particuli\u00e8re : avec ses p\u00e9tales d\u00e9licats, comme si elle venait juste de s&rsquo;ouvrir, elle vibre d&rsquo;une \u00e9nergie incroyable. ELle nous offre la force de surmonter les challenges de la vie et de stimuler la cr\u00e9ativit\u00e9. C\u2019est de cette empreinte que sont n\u00e9s le nom et le logo du site.<\/p>\n<\/div><\/div>\n\n\n\n<hr class=\"wp-block-separator has-alpha-channel-opacity is-style-wide\"\/>\n\n\n\n<h2 class=\"wp-block-heading has-text-color has-link-color has-large-font-size wp-elements-1bd712b2a2107c8bc3f5b39f7bc32da1\" style=\"color:#4d8e76e0\"><strong>Attestations<\/strong><\/h2>\n\n\n\n<div class=\"wp-block-columns is-layout-flex wp-container-core-columns-is-layout-28f84493 wp-block-columns-is-layout-flex\">\n<div class=\"wp-block-column has-background is-layout-flow wp-container-core-column-is-layout-5ab2ef3d wp-block-column-is-layout-flow\" style=\"background-color:#43995e1c;padding-top:var(--wp--preset--spacing--30);padding-right:var(--wp--preset--spacing--20);padding-bottom:var(--wp--preset--spacing--30);padding-left:var(--wp--preset--spacing--20)\">\n<p class=\"has-background-background-color has-background\"><a href=\"https:\/\/cistea.fr\/index.php\/attestations\/\" data-type=\"page\" data-id=\"455\">Attestation Praticienne en Sant\u00e9 humaniste (juillet 2023)<\/a><\/p>\n\n\n\n<p class=\"has-tertiary-background-color has-background\"> par<a href=\"https:\/\/www.institutama.net\/institut-ama\/\"> l&rsquo;Institut AMA<\/a> \u00e0 Fontenilles (31)<\/p>\n<\/div>\n\n\n\n<div class=\"wp-block-column has-background is-layout-flow wp-container-core-column-is-layout-c5916e0a wp-block-column-is-layout-flow\" style=\"background-color:#43995e3b;padding-top:var(--wp--preset--spacing--30);padding-right:var(--wp--preset--spacing--20);padding-bottom:var(--wp--preset--spacing--30);padding-left:var(--wp--preset--spacing--20)\">\n<p class=\"has-background-background-color has-background\"><a href=\"https:\/\/cistea.fr\/index.php\/attestations\/\" data-type=\"page\" data-id=\"455\">Attestation Naturopathe holistique (janvier 2024) et Conseill\u00e8re en Fleurs de Bach (juillet 2023) <\/a><\/p>\n\n\n\n<p class=\"has-background-background-color has-background\">par <a href=\"https:\/\/formation-naturopathe-synergie-naturopathie.fr\/\">l&rsquo;\u00e9cole Synergie de Naturopathie<\/a> (antenne d&rsquo;Avignon en immersion)<\/p>\n<\/div>\n<\/div>\n\n\n\n<hr class=\"wp-block-separator has-alpha-channel-opacity is-style-wide\"\/>\n","protected":false},"excerpt":{"rendered":"<p>Marie-Laure Cretin Praticienne en Naturopathie holistique et en Kin\u00e9siologie \u00e9nerg\u00e9tique (Sant\u00e9 Humaniste) Je vous invite \u00e0 emprunter avec moi le chemin de la nature pour y (re)trouver l\u2019\u00e9nergie vitale qui ressource, nourrit et fait grandir. Amoureuse de la Nature depuis toute petite, je crois profond\u00e9ment que notre bien-\u00eatre est intimement li\u00e9 \u00e0 notre environnement mais [&hellip;]<\/p>\n","protected":false},"author":1,"featured_media":0,"parent":0,"menu_order":6,"comment_status":"closed","ping_status":"closed","template":"","meta":{"footnotes":""},"class_list":["post-10","page","type-page","status-publish","hentry"],"yoast_head":"<!-- This site is optimized with the Yoast SEO plugin v26.8 - https:\/\/yoast.com\/product\/yoast-seo-wordpress\/ -->\n<title>A propos - CISTEA<\/title>\n<meta name=\"robots\" content=\"index, follow, max-snippet:-1, max-image-preview:large, max-video-preview:-1\" \/>\n<link rel=\"canonical\" href=\"https:\/\/cistea.fr\/index.php\/qui-suis-je\/\" \/>\n<meta property=\"og:locale\" content=\"fr_FR\" \/>\n<meta property=\"og:type\" content=\"article\" \/>\n<meta property=\"og:title\" content=\"A propos - CISTEA\" \/>\n<meta property=\"og:description\" content=\"Marie-Laure Cretin Praticienne en Naturopathie holistique et en Kin\u00e9siologie \u00e9nerg\u00e9tique (Sant\u00e9 Humaniste) Je vous invite \u00e0 emprunter avec moi le chemin de la nature pour y (re)trouver l\u2019\u00e9nergie vitale qui ressource, nourrit et fait grandir. Amoureuse de la Nature depuis toute petite, je crois profond\u00e9ment que notre bien-\u00eatre est intimement li\u00e9 \u00e0 notre environnement mais [&hellip;]\" \/>\n<meta property=\"og:url\" content=\"https:\/\/cistea.fr\/index.php\/qui-suis-je\/\" \/>\n<meta property=\"og:site_name\" content=\"CISTEA\" \/>\n<meta property=\"article:modified_time\" content=\"2025-09-02T07:36:03+00:00\" \/>\n<meta property=\"og:image\" content=\"https:\/\/cistea.fr\/wp-content\/uploads\/2024\/01\/Capture-decran-du-2024-01-22-21-30-24.png\" \/>\n\t<meta property=\"og:image:width\" content=\"538\" \/>\n\t<meta property=\"og:image:height\" content=\"657\" \/>\n\t<meta property=\"og:image:type\" content=\"image\/png\" \/>\n<meta name=\"twitter:card\" content=\"summary_large_image\" \/>\n<meta name=\"twitter:label1\" content=\"Dur\u00e9e de lecture estim\u00e9e\" \/>\n\t<meta name=\"twitter:data1\" content=\"3 minutes\" \/>\n<script type=\"application\/ld+json\" class=\"yoast-schema-graph\">{\"@context\":\"https:\/\/schema.org\",\"@graph\":[{\"@type\":\"WebPage\",\"@id\":\"https:\/\/cistea.fr\/index.php\/qui-suis-je\/\",\"url\":\"https:\/\/cistea.fr\/index.php\/qui-suis-je\/\",\"name\":\"A propos - CISTEA\",\"isPartOf\":{\"@id\":\"https:\/\/cistea.fr\/#website\"},\"primaryImageOfPage\":{\"@id\":\"https:\/\/cistea.fr\/index.php\/qui-suis-je\/#primaryimage\"},\"image\":{\"@id\":\"https:\/\/cistea.fr\/index.php\/qui-suis-je\/#primaryimage\"},\"thumbnailUrl\":\"http:\/\/cistea.fr\/wp-content\/uploads\/2024\/01\/Capture-decran-du-2024-01-22-21-30-24.png\",\"datePublished\":\"2023-09-18T18:25:29+00:00\",\"dateModified\":\"2025-09-02T07:36:03+00:00\",\"breadcrumb\":{\"@id\":\"https:\/\/cistea.fr\/index.php\/qui-suis-je\/#breadcrumb\"},\"inLanguage\":\"fr-FR\",\"potentialAction\":[{\"@type\":\"ReadAction\",\"target\":[\"https:\/\/cistea.fr\/index.php\/qui-suis-je\/\"]}]},{\"@type\":\"ImageObject\",\"inLanguage\":\"fr-FR\",\"@id\":\"https:\/\/cistea.fr\/index.php\/qui-suis-je\/#primaryimage\",\"url\":\"https:\/\/cistea.fr\/wp-content\/uploads\/2024\/01\/Capture-decran-du-2024-01-22-21-30-24.png\",\"contentUrl\":\"https:\/\/cistea.fr\/wp-content\/uploads\/2024\/01\/Capture-decran-du-2024-01-22-21-30-24.png\",\"width\":538,\"height\":657},{\"@type\":\"BreadcrumbList\",\"@id\":\"https:\/\/cistea.fr\/index.php\/qui-suis-je\/#breadcrumb\",\"itemListElement\":[{\"@type\":\"ListItem\",\"position\":1,\"name\":\"Accueil\",\"item\":\"https:\/\/cistea.fr\/\"},{\"@type\":\"ListItem\",\"position\":2,\"name\":\"A propos\"}]},{\"@type\":\"WebSite\",\"@id\":\"https:\/\/cistea.fr\/#website\",\"url\":\"https:\/\/cistea.fr\/\",\"name\":\"CISTEA\",\"description\":\"Etre bien au naturel\",\"publisher\":{\"@id\":\"https:\/\/cistea.fr\/#organization\"},\"potentialAction\":[{\"@type\":\"SearchAction\",\"target\":{\"@type\":\"EntryPoint\",\"urlTemplate\":\"https:\/\/cistea.fr\/?s={search_term_string}\"},\"query-input\":{\"@type\":\"PropertyValueSpecification\",\"valueRequired\":true,\"valueName\":\"search_term_string\"}}],\"inLanguage\":\"fr-FR\"},{\"@type\":\"Organization\",\"@id\":\"https:\/\/cistea.fr\/#organization\",\"name\":\"CISTEA\",\"url\":\"https:\/\/cistea.fr\/\",\"logo\":{\"@type\":\"ImageObject\",\"inLanguage\":\"fr-FR\",\"@id\":\"https:\/\/cistea.fr\/#\/schema\/logo\/image\/\",\"url\":\"https:\/\/cistea.fr\/wp-content\/uploads\/2024\/02\/Logo.png\",\"contentUrl\":\"https:\/\/cistea.fr\/wp-content\/uploads\/2024\/02\/Logo.png\",\"width\":842,\"height\":612,\"caption\":\"CISTEA\"},\"image\":{\"@id\":\"https:\/\/cistea.fr\/#\/schema\/logo\/image\/\"}}]}<\/script>\n<!-- \/ Yoast SEO plugin. -->","yoast_head_json":{"title":"A propos - CISTEA","robots":{"index":"index","follow":"follow","max-snippet":"max-snippet:-1","max-image-preview":"max-image-preview:large","max-video-preview":"max-video-preview:-1"},"canonical":"https:\/\/cistea.fr\/index.php\/qui-suis-je\/","og_locale":"fr_FR","og_type":"article","og_title":"A propos - CISTEA","og_description":"Marie-Laure Cretin Praticienne en Naturopathie holistique et en Kin\u00e9siologie \u00e9nerg\u00e9tique (Sant\u00e9 Humaniste) Je vous invite \u00e0 emprunter avec moi le chemin de la nature pour y (re)trouver l\u2019\u00e9nergie vitale qui ressource, nourrit et fait grandir. Amoureuse de la Nature depuis toute petite, je crois profond\u00e9ment que notre bien-\u00eatre est intimement li\u00e9 \u00e0 notre environnement mais [&hellip;]","og_url":"https:\/\/cistea.fr\/index.php\/qui-suis-je\/","og_site_name":"CISTEA","article_modified_time":"2025-09-02T07:36:03+00:00","og_image":[{"width":538,"height":657,"url":"https:\/\/cistea.fr\/wp-content\/uploads\/2024\/01\/Capture-decran-du-2024-01-22-21-30-24.png","type":"image\/png"}],"twitter_card":"summary_large_image","twitter_misc":{"Dur\u00e9e de lecture estim\u00e9e":"3 minutes"},"schema":{"@context":"https:\/\/schema.org","@graph":[{"@type":"WebPage","@id":"https:\/\/cistea.fr\/index.php\/qui-suis-je\/","url":"https:\/\/cistea.fr\/index.php\/qui-suis-je\/","name":"A propos - CISTEA","isPartOf":{"@id":"https:\/\/cistea.fr\/#website"},"primaryImageOfPage":{"@id":"https:\/\/cistea.fr\/index.php\/qui-suis-je\/#primaryimage"},"image":{"@id":"https:\/\/cistea.fr\/index.php\/qui-suis-je\/#primaryimage"},"thumbnailUrl":"http:\/\/cistea.fr\/wp-content\/uploads\/2024\/01\/Capture-decran-du-2024-01-22-21-30-24.png","datePublished":"2023-09-18T18:25:29+00:00","dateModified":"2025-09-02T07:36:03+00:00","breadcrumb":{"@id":"https:\/\/cistea.fr\/index.php\/qui-suis-je\/#breadcrumb"},"inLanguage":"fr-FR","potentialAction":[{"@type":"ReadAction","target":["https:\/\/cistea.fr\/index.php\/qui-suis-je\/"]}]},{"@type":"ImageObject","inLanguage":"fr-FR","@id":"https:\/\/cistea.fr\/index.php\/qui-suis-je\/#primaryimage","url":"https:\/\/cistea.fr\/wp-content\/uploads\/2024\/01\/Capture-decran-du-2024-01-22-21-30-24.png","contentUrl":"https:\/\/cistea.fr\/wp-content\/uploads\/2024\/01\/Capture-decran-du-2024-01-22-21-30-24.png","width":538,"height":657},{"@type":"BreadcrumbList","@id":"https:\/\/cistea.fr\/index.php\/qui-suis-je\/#breadcrumb","itemListElement":[{"@type":"ListItem","position":1,"name":"Accueil","item":"https:\/\/cistea.fr\/"},{"@type":"ListItem","position":2,"name":"A propos"}]},{"@type":"WebSite","@id":"https:\/\/cistea.fr\/#website","url":"https:\/\/cistea.fr\/","name":"CISTEA","description":"Etre bien au naturel","publisher":{"@id":"https:\/\/cistea.fr\/#organization"},"potentialAction":[{"@type":"SearchAction","target":{"@type":"EntryPoint","urlTemplate":"https:\/\/cistea.fr\/?s={search_term_string}"},"query-input":{"@type":"PropertyValueSpecification","valueRequired":true,"valueName":"search_term_string"}}],"inLanguage":"fr-FR"},{"@type":"Organization","@id":"https:\/\/cistea.fr\/#organization","name":"CISTEA","url":"https:\/\/cistea.fr\/","logo":{"@type":"ImageObject","inLanguage":"fr-FR","@id":"https:\/\/cistea.fr\/#\/schema\/logo\/image\/","url":"https:\/\/cistea.fr\/wp-content\/uploads\/2024\/02\/Logo.png","contentUrl":"https:\/\/cistea.fr\/wp-content\/uploads\/2024\/02\/Logo.png","width":842,"height":612,"caption":"CISTEA"},"image":{"@id":"https:\/\/cistea.fr\/#\/schema\/logo\/image\/"}}]}},"_links":{"self":[{"href":"https:\/\/cistea.fr\/index.php\/wp-json\/wp\/v2\/pages\/10","targetHints":{"allow":["GET"]}}],"collection":[{"href":"https:\/\/cistea.fr\/index.php\/wp-json\/wp\/v2\/pages"}],"about":[{"href":"https:\/\/cistea.fr\/index.php\/wp-json\/wp\/v2\/types\/page"}],"author":[{"embeddable":true,"href":"https:\/\/cistea.fr\/index.php\/wp-json\/wp\/v2\/users\/1"}],"replies":[{"embeddable":true,"href":"https:\/\/cistea.fr\/index.php\/wp-json\/wp\/v2\/comments?post=10"}],"version-history":[{"count":59,"href":"https:\/\/cistea.fr\/index.php\/wp-json\/wp\/v2\/pages\/10\/revisions"}],"predecessor-version":[{"id":842,"href":"https:\/\/cistea.fr\/index.php\/wp-json\/wp\/v2\/pages\/10\/revisions\/842"}],"wp:attachment":[{"href":"https:\/\/cistea.fr\/index.php\/wp-json\/wp\/v2\/media?parent=10"}],"curies":[{"name":"wp","href":"https:\/\/api.w.org\/{rel}","templated":true}]}}